{"id":13847,"date":"2025-06-24T07:29:09","date_gmt":"2025-06-24T06:29:09","guid":{"rendered":"https:\/\/www.kaduc.sk\/hivatkozasok\/"},"modified":"2025-06-24T07:29:09","modified_gmt":"2025-06-24T06:29:09","slug":"hivatkozasok","status":"publish","type":"page","link":"https:\/\/www.kaduc.sk\/hu\/hivatkozasok\/","title":{"rendered":"Hivatkoz\u00e1sok"},"content":{"rendered":"","protected":false},"excerpt":{"rendered":"","protected":false},"author":3,"featured_media":19239,"parent":0,"menu_order":0,"comment_status":"closed","ping_status":"closed","template":"template-referencie.php","meta":{"_acf_changed":false,"inline_featured_image":false,"footnotes":""},"class_list":["post-13847","page","type-page","status-publish","has-post-thumbnail","hentry"],"acf":[],"yoast_head":"<!-- This site is optimized with the Yoast SEO Premium plugin v27.4 (Yoast SEO v27.5) - https:\/\/yoast.com\/product\/yoast-seo-premium-wordpress\/ -->\n<title>\u00dcgyv\u00e9di iroda - el\u00e9gedett \u00fcgyfeleink - Kaduc &amp; partneri<\/title>\n<meta name=\"description\" content=\"\u00c1tfog\u00f3 szolg\u00e1ltat\u00e1sok \u00e9s jogi tan\u00e1csad\u00e1s megfizethet\u0151 \u00e1ron. \u00dcgyv\u00e9di iroda t\u00f6bb sz\u00e1z el\u00e9gedett \u00fcgyf\u00e9llel szinte minden j\u00e1r\u00e1si v\u00e1rosban.\" \/>\n<meta name=\"robots\" content=\"index, follow, max-snippet:-1, max-image-preview:large, max-video-preview:-1\" \/>\n<link rel=\"canonical\" href=\"https:\/\/www.kaduc.sk\/hu\/hivatkozasok\/\" \/>\n<meta property=\"og:locale\" content=\"hu_HU\" \/>\n<meta property=\"og:type\" content=\"article\" \/>\n<meta property=\"og:title\" content=\"Hivatkoz\u00e1sok\" \/>\n<meta property=\"og:description\" content=\"\u00c1tfog\u00f3 szolg\u00e1ltat\u00e1sok \u00e9s jogi tan\u00e1csad\u00e1s megfizethet\u0151 \u00e1ron. \u00dcgyv\u00e9di iroda t\u00f6bb sz\u00e1z el\u00e9gedett \u00fcgyf\u00e9llel szinte minden j\u00e1r\u00e1si v\u00e1rosban.\" \/>\n<meta property=\"og:url\" content=\"https:\/\/www.kaduc.sk\/hu\/hivatkozasok\/\" \/>\n<meta property=\"og:site_name\" content=\"Kaduc &amp; partneri\" \/>\n<meta property=\"article:publisher\" content=\"https:\/\/www.facebook.com\/kaducpartneri\" \/>\n<meta property=\"og:image\" content=\"https:\/\/www.kaduc.sk\/wp-content\/uploads\/2024\/11\/Kaduc-social-logo.png\" \/>\n\t<meta property=\"og:image:width\" content=\"1200\" \/>\n\t<meta property=\"og:image:height\" content=\"675\" \/>\n\t<meta property=\"og:image:type\" content=\"image\/png\" \/>\n<meta name=\"twitter:card\" content=\"summary_large_image\" \/>\n<script type=\"application\/ld+json\" class=\"yoast-schema-graph\">{\"@context\":\"https:\\\/\\\/schema.org\",\"@graph\":[{\"@type\":\"WebPage\",\"@id\":\"https:\\\/\\\/www.kaduc.sk\\\/hu\\\/hivatkozasok\\\/\",\"url\":\"https:\\\/\\\/www.kaduc.sk\\\/hu\\\/hivatkozasok\\\/\",\"name\":\"\u00dcgyv\u00e9di iroda - el\u00e9gedett \u00fcgyfeleink - Kaduc &amp; partneri\",\"isPartOf\":{\"@id\":\"https:\\\/\\\/www.kaduc.sk\\\/hu\\\/#website\"},\"primaryImageOfPage\":{\"@id\":\"https:\\\/\\\/www.kaduc.sk\\\/hu\\\/hivatkozasok\\\/#primaryimage\"},\"image\":{\"@id\":\"https:\\\/\\\/www.kaduc.sk\\\/hu\\\/hivatkozasok\\\/#primaryimage\"},\"thumbnailUrl\":\"https:\\\/\\\/www.kaduc.sk\\\/wp-content\\\/uploads\\\/2025\\\/09\\\/kaducpartneri-Kancelaria.jpeg\",\"datePublished\":\"2025-06-24T06:29:09+00:00\",\"description\":\"\u00c1tfog\u00f3 szolg\u00e1ltat\u00e1sok \u00e9s jogi tan\u00e1csad\u00e1s megfizethet\u0151 \u00e1ron. \u00dcgyv\u00e9di iroda t\u00f6bb sz\u00e1z el\u00e9gedett \u00fcgyf\u00e9llel szinte minden j\u00e1r\u00e1si v\u00e1rosban.\",\"breadcrumb\":{\"@id\":\"https:\\\/\\\/www.kaduc.sk\\\/hu\\\/hivatkozasok\\\/#breadcrumb\"},\"inLanguage\":\"hu\",\"potentialAction\":[{\"@type\":\"ReadAction\",\"target\":[\"https:\\\/\\\/www.kaduc.sk\\\/hu\\\/hivatkozasok\\\/\"]}]},{\"@type\":\"ImageObject\",\"inLanguage\":\"hu\",\"@id\":\"https:\\\/\\\/www.kaduc.sk\\\/hu\\\/hivatkozasok\\\/#primaryimage\",\"url\":\"https:\\\/\\\/www.kaduc.sk\\\/wp-content\\\/uploads\\\/2025\\\/09\\\/kaducpartneri-Kancelaria.jpeg\",\"contentUrl\":\"https:\\\/\\\/www.kaduc.sk\\\/wp-content\\\/uploads\\\/2025\\\/09\\\/kaducpartneri-Kancelaria.jpeg\",\"width\":1919,\"height\":1057},{\"@type\":\"BreadcrumbList\",\"@id\":\"https:\\\/\\\/www.kaduc.sk\\\/hu\\\/hivatkozasok\\\/#breadcrumb\",\"itemListElement\":[{\"@type\":\"ListItem\",\"position\":1,\"name\":\"Domovsk\u00e1 str\u00e1nka\",\"item\":\"https:\\\/\\\/www.kaduc.sk\\\/hu\\\/honlap\\\/\"},{\"@type\":\"ListItem\",\"position\":2,\"name\":\"Hivatkoz\u00e1sok\"}]},{\"@type\":\"WebSite\",\"@id\":\"https:\\\/\\\/www.kaduc.sk\\\/hu\\\/#website\",\"url\":\"https:\\\/\\\/www.kaduc.sk\\\/hu\\\/\",\"name\":\"Kaduc & partneri\",\"description\":\"Advok\u00e1tska kancel\u00e1ria v Trnave a v Bratislave\",\"publisher\":{\"@id\":\"https:\\\/\\\/www.kaduc.sk\\\/hu\\\/#organization\"},\"potentialAction\":[{\"@type\":\"SearchAction\",\"target\":{\"@type\":\"EntryPoint\",\"urlTemplate\":\"https:\\\/\\\/www.kaduc.sk\\\/hu\\\/?s={search_term_string}\"},\"query-input\":{\"@type\":\"PropertyValueSpecification\",\"valueRequired\":true,\"valueName\":\"search_term_string\"}}],\"inLanguage\":\"hu\"},{\"@type\":\"Organization\",\"@id\":\"https:\\\/\\\/www.kaduc.sk\\\/hu\\\/#organization\",\"name\":\"Kaduc & partneri\",\"url\":\"https:\\\/\\\/www.kaduc.sk\\\/hu\\\/\",\"logo\":{\"@type\":\"ImageObject\",\"inLanguage\":\"hu\",\"@id\":\"https:\\\/\\\/www.kaduc.sk\\\/hu\\\/#\\\/schema\\\/logo\\\/image\\\/\",\"url\":\"https:\\\/\\\/www.kaduc.sk\\\/wp-content\\\/uploads\\\/2024\\\/09\\\/logo.jpg\",\"contentUrl\":\"https:\\\/\\\/www.kaduc.sk\\\/wp-content\\\/uploads\\\/2024\\\/09\\\/logo.jpg\",\"width\":580,\"height\":200,\"caption\":\"Kaduc & partneri\"},\"image\":{\"@id\":\"https:\\\/\\\/www.kaduc.sk\\\/hu\\\/#\\\/schema\\\/logo\\\/image\\\/\"},\"sameAs\":[\"https:\\\/\\\/www.facebook.com\\\/kaducpartneri\",\"https:\\\/\\\/www.instagram.com\\\/kaduc.partneri\\\/\",\"https:\\\/\\\/www.linkedin.com\\\/company\\\/kaducpartneri\\\/\"]}]}<\/script>\n<!-- \/ Yoast SEO Premium plugin. -->","yoast_head_json":{"title":"\u00dcgyv\u00e9di iroda - el\u00e9gedett \u00fcgyfeleink - Kaduc &amp; partneri","description":"\u00c1tfog\u00f3 szolg\u00e1ltat\u00e1sok \u00e9s jogi tan\u00e1csad\u00e1s megfizethet\u0151 \u00e1ron. \u00dcgyv\u00e9di iroda t\u00f6bb sz\u00e1z el\u00e9gedett \u00fcgyf\u00e9llel szinte minden j\u00e1r\u00e1si v\u00e1rosban.","robots":{"index":"index","follow":"follow","max-snippet":"max-snippet:-1","max-image-preview":"max-image-preview:large","max-video-preview":"max-video-preview:-1"},"canonical":"https:\/\/www.kaduc.sk\/hu\/hivatkozasok\/","og_locale":"hu_HU","og_type":"article","og_title":"Hivatkoz\u00e1sok","og_description":"\u00c1tfog\u00f3 szolg\u00e1ltat\u00e1sok \u00e9s jogi tan\u00e1csad\u00e1s megfizethet\u0151 \u00e1ron. \u00dcgyv\u00e9di iroda t\u00f6bb sz\u00e1z el\u00e9gedett \u00fcgyf\u00e9llel szinte minden j\u00e1r\u00e1si v\u00e1rosban.","og_url":"https:\/\/www.kaduc.sk\/hu\/hivatkozasok\/","og_site_name":"Kaduc &amp; partneri","article_publisher":"https:\/\/www.facebook.com\/kaducpartneri","og_image":[{"width":1200,"height":675,"url":"https:\/\/www.kaduc.sk\/wp-content\/uploads\/2024\/11\/Kaduc-social-logo.png","type":"image\/png"}],"twitter_card":"summary_large_image","schema":{"@context":"https:\/\/schema.org","@graph":[{"@type":"WebPage","@id":"https:\/\/www.kaduc.sk\/hu\/hivatkozasok\/","url":"https:\/\/www.kaduc.sk\/hu\/hivatkozasok\/","name":"\u00dcgyv\u00e9di iroda - el\u00e9gedett \u00fcgyfeleink - Kaduc &amp; partneri","isPartOf":{"@id":"https:\/\/www.kaduc.sk\/hu\/#website"},"primaryImageOfPage":{"@id":"https:\/\/www.kaduc.sk\/hu\/hivatkozasok\/#primaryimage"},"image":{"@id":"https:\/\/www.kaduc.sk\/hu\/hivatkozasok\/#primaryimage"},"thumbnailUrl":"https:\/\/www.kaduc.sk\/wp-content\/uploads\/2025\/09\/kaducpartneri-Kancelaria.jpeg","datePublished":"2025-06-24T06:29:09+00:00","description":"\u00c1tfog\u00f3 szolg\u00e1ltat\u00e1sok \u00e9s jogi tan\u00e1csad\u00e1s megfizethet\u0151 \u00e1ron. \u00dcgyv\u00e9di iroda t\u00f6bb sz\u00e1z el\u00e9gedett \u00fcgyf\u00e9llel szinte minden j\u00e1r\u00e1si v\u00e1rosban.","breadcrumb":{"@id":"https:\/\/www.kaduc.sk\/hu\/hivatkozasok\/#breadcrumb"},"inLanguage":"hu","potentialAction":[{"@type":"ReadAction","target":["https:\/\/www.kaduc.sk\/hu\/hivatkozasok\/"]}]},{"@type":"ImageObject","inLanguage":"hu","@id":"https:\/\/www.kaduc.sk\/hu\/hivatkozasok\/#primaryimage","url":"https:\/\/www.kaduc.sk\/wp-content\/uploads\/2025\/09\/kaducpartneri-Kancelaria.jpeg","contentUrl":"https:\/\/www.kaduc.sk\/wp-content\/uploads\/2025\/09\/kaducpartneri-Kancelaria.jpeg","width":1919,"height":1057},{"@type":"BreadcrumbList","@id":"https:\/\/www.kaduc.sk\/hu\/hivatkozasok\/#breadcrumb","itemListElement":[{"@type":"ListItem","position":1,"name":"Domovsk\u00e1 str\u00e1nka","item":"https:\/\/www.kaduc.sk\/hu\/honlap\/"},{"@type":"ListItem","position":2,"name":"Hivatkoz\u00e1sok"}]},{"@type":"WebSite","@id":"https:\/\/www.kaduc.sk\/hu\/#website","url":"https:\/\/www.kaduc.sk\/hu\/","name":"Kaduc & partneri","description":"Advok\u00e1tska kancel\u00e1ria v Trnave a v Bratislave","publisher":{"@id":"https:\/\/www.kaduc.sk\/hu\/#organization"},"potentialAction":[{"@type":"SearchAction","target":{"@type":"EntryPoint","urlTemplate":"https:\/\/www.kaduc.sk\/hu\/?s={search_term_string}"},"query-input":{"@type":"PropertyValueSpecification","valueRequired":true,"valueName":"search_term_string"}}],"inLanguage":"hu"},{"@type":"Organization","@id":"https:\/\/www.kaduc.sk\/hu\/#organization","name":"Kaduc & partneri","url":"https:\/\/www.kaduc.sk\/hu\/","logo":{"@type":"ImageObject","inLanguage":"hu","@id":"https:\/\/www.kaduc.sk\/hu\/#\/schema\/logo\/image\/","url":"https:\/\/www.kaduc.sk\/wp-content\/uploads\/2024\/09\/logo.jpg","contentUrl":"https:\/\/www.kaduc.sk\/wp-content\/uploads\/2024\/09\/logo.jpg","width":580,"height":200,"caption":"Kaduc & partneri"},"image":{"@id":"https:\/\/www.kaduc.sk\/hu\/#\/schema\/logo\/image\/"},"sameAs":["https:\/\/www.facebook.com\/kaducpartneri","https:\/\/www.instagram.com\/kaduc.partneri\/","https:\/\/www.linkedin.com\/company\/kaducpartneri\/"]}]}},"_links":{"self":[{"href":"https:\/\/www.kaduc.sk\/hu\/wp-json\/wp\/v2\/pages\/13847","targetHints":{"allow":["GET"]}}],"collection":[{"href":"https:\/\/www.kaduc.sk\/hu\/wp-json\/wp\/v2\/pages"}],"about":[{"href":"https:\/\/www.kaduc.sk\/hu\/wp-json\/wp\/v2\/types\/page"}],"author":[{"embeddable":true,"href":"https:\/\/www.kaduc.sk\/hu\/wp-json\/wp\/v2\/users\/3"}],"replies":[{"embeddable":true,"href":"https:\/\/www.kaduc.sk\/hu\/wp-json\/wp\/v2\/comments?post=13847"}],"version-history":[{"count":0,"href":"https:\/\/www.kaduc.sk\/hu\/wp-json\/wp\/v2\/pages\/13847\/revisions"}],"wp:featuredmedia":[{"embeddable":true,"href":"https:\/\/www.kaduc.sk\/hu\/wp-json\/wp\/v2\/media\/19239"}],"wp:attachment":[{"href":"https:\/\/www.kaduc.sk\/hu\/wp-json\/wp\/v2\/media?parent=13847"}],"curies":[{"name":"wp","href":"https:\/\/api.w.org\/{rel}","templated":true}]}}