{"id":13941,"date":"2025-06-24T07:34:21","date_gmt":"2025-06-24T06:34:21","guid":{"rendered":"https:\/\/www.kaduc.sk\/ai-jogi-asszisztens\/"},"modified":"2025-06-24T07:34:21","modified_gmt":"2025-06-24T06:34:21","slug":"ai-jogi-asszisztens","status":"publish","type":"page","link":"https:\/\/www.kaduc.sk\/hu\/ai-jogasz-asszisztens\/","title":{"rendered":"AI jogi asszisztens"},"content":{"rendered":"<div class=\"themes-container\" style=\"display: grid; gap: 20px; grid-template-columns: repeat(auto-fill, minmax(600px,1fr));\">\n<div class=\"theme-block\">\n<p><strong>Miben seg\u00edthetek ma?<\/strong><\/p>\n<p>&nbsp;<\/p>\n<ul>\n<li>\n<pre><a class=\"hover-underline-animation\" title=\"M\u00e1m konkr\u00e9tny pr\u00e1vny probl\u00e9m, pom\u00f4\u017e mi ho spr\u00e1vne identifikova\u0165 a n\u00e1sledne mi navrhni potrebn\u00e9 kroky.\" href=\"#\" rel=\"nofollow\" data-prompt=\"M\u00e1m konkr\u00e9tny pr\u00e1vny probl\u00e9m, pom\u00f4\u017e mi ho spr\u00e1vne identifikova\u0165 a n\u00e1sledne mi navrhni potrebn\u00e9 kroky.\">1. M\u00e1m konkr\u00e9tny pr\u00e1vny probl\u00e9m.<\/a><\/pre>\n<\/li>\n<li>\n<pre><a class=\"hover-underline-animation\" title=\"Chcem len vysk\u00fa\u0161a\u0165, ako funguje AI v oblasti pr\u00e1va, \u010do mi vie\u0161 uk\u00e1za\u0165?\" href=\"#\" rel=\"nofollow\" data-prompt=\"Chcem len vysk\u00fa\u0161a\u0165, ako funguje AI v oblasti pr\u00e1va.\">2. Chcem len vysk\u00fa\u0161a\u0165 AI v oblasti pr\u00e1va.\n<\/a><\/pre>\n<\/li>\n<\/ul>\n<p>&nbsp;<\/p>\n<\/div>\n<\/div>\n<style>\n  \/* Cielime \u0161pecifick\u00fd kontajner pluginu *\/<br \/>\n  #chatbot-r3fp35 ul {<br \/>\n    list-style: decimal; \/* Zobraz\u00ed \u010d\u00edslovanie *\/<br \/>\n    padding-left: 20px; \/* Prid\u00e1 odsadenie pre lep\u0161iu \u010ditate\u013enos\u0165 *\/<br \/>\n    margin: 0;<br \/>\n  }<\/p>\n<p>  #chatbot-r3fp35 ul li {<br \/>\n    margin-bottom: 10px; \/* Prid\u00e1 medzery medzi polo\u017ekami *\/<br \/>\n  }<\/p>\n<p>  #chatbot-r3fp35 ul li a {<br \/>\n    text-decoration: none; \/* Odstr\u00e1ni pod\u010diarknutie z odkazov *\/<br \/>\n    color: inherit; \/* Zachov\u00e1 aktu\u00e1lnu farbu textu *\/<br \/>\n  }<\/p>\n<p>  #chatbot-r3fp35 ul li a:hover {<br \/>\n    color: #007BFF; \/* Zv\u00fdrazn\u00ed odkaz pri hover *\/<br \/>\n    text-decoration: underline; \/* Prid\u00e1 pod\u010diarknutie pri hover *\/<br \/>\n  }<br \/>\n<\/style>\n<p>[mwai_chatbot id=&#8221;chatbot-r3fp35&#8243;]<\/p>\n","protected":false},"excerpt":{"rendered":"<p>Miben seg\u00edthetek ma? &nbsp; 1. M\u00e1m konkr\u00e9tny pr\u00e1vny probl\u00e9m. 2. Chcem len vysk\u00fa\u0161a\u0165 AI v oblasti pr\u00e1va. &nbsp; [mwai_chatbot id=&#8221;chatbot-r3fp35&#8243;]<\/p>\n","protected":false},"author":2,"featured_media":0,"parent":0,"menu_order":0,"comment_status":"closed","ping_status":"closed","template":"","meta":{"_acf_changed":false,"inline_featured_image":false,"footnotes":""},"class_list":["post-13941","page","type-page","status-publish","hentry"],"acf":[],"yoast_head":"<!-- This site is optimized with the Yoast SEO Premium plugin v27.4 (Yoast SEO v27.5) - https:\/\/yoast.com\/product\/yoast-seo-premium-wordpress\/ -->\n<title>AI jogi asszisztens - Kaduc &amp; partneri<\/title>\n<meta name=\"robots\" content=\"index, follow, max-snippet:-1, max-image-preview:large, max-video-preview:-1\" \/>\n<link rel=\"canonical\" href=\"https:\/\/www.kaduc.sk\/hu\/ai-jogasz-asszisztens\/\" \/>\n<meta property=\"og:locale\" content=\"hu_HU\" \/>\n<meta property=\"og:type\" content=\"article\" \/>\n<meta property=\"og:title\" content=\"AI jogi asszisztens\" \/>\n<meta property=\"og:description\" content=\"Miben seg\u00edthetek ma? &nbsp; 1. M\u00e1m konkr\u00e9tny pr\u00e1vny probl\u00e9m. 2. Chcem len vysk\u00fa\u0161a\u0165 AI v oblasti pr\u00e1va. &nbsp; [mwai_chatbot id=&#8221;chatbot-r3fp35&#8243;]\" \/>\n<meta property=\"og:url\" content=\"https:\/\/www.kaduc.sk\/hu\/ai-jogasz-asszisztens\/\" \/>\n<meta property=\"og:site_name\" content=\"Kaduc &amp; partneri\" \/>\n<meta property=\"article:publisher\" content=\"https:\/\/www.facebook.com\/kaducpartneri\" \/>\n<meta property=\"og:image\" content=\"https:\/\/www.kaduc.sk\/wp-content\/uploads\/2024\/11\/Kaduc-social-logo.png\" \/>\n\t<meta property=\"og:image:width\" content=\"1200\" \/>\n\t<meta property=\"og:image:height\" content=\"675\" \/>\n\t<meta property=\"og:image:type\" content=\"image\/png\" \/>\n<meta name=\"twitter:card\" content=\"summary_large_image\" \/>\n<script type=\"application\/ld+json\" class=\"yoast-schema-graph\">{\"@context\":\"https:\\\/\\\/schema.org\",\"@graph\":[{\"@type\":\"WebPage\",\"@id\":\"https:\\\/\\\/www.kaduc.sk\\\/hu\\\/ai-jogasz-asszisztens\\\/\",\"url\":\"https:\\\/\\\/www.kaduc.sk\\\/hu\\\/ai-jogasz-asszisztens\\\/\",\"name\":\"AI jogi asszisztens - Kaduc &amp; partneri\",\"isPartOf\":{\"@id\":\"https:\\\/\\\/www.kaduc.sk\\\/hu\\\/#website\"},\"datePublished\":\"2025-06-24T06:34:21+00:00\",\"breadcrumb\":{\"@id\":\"https:\\\/\\\/www.kaduc.sk\\\/hu\\\/ai-jogasz-asszisztens\\\/#breadcrumb\"},\"inLanguage\":\"hu\",\"potentialAction\":[{\"@type\":\"ReadAction\",\"target\":[\"https:\\\/\\\/www.kaduc.sk\\\/hu\\\/ai-jogasz-asszisztens\\\/\"]}]},{\"@type\":\"BreadcrumbList\",\"@id\":\"https:\\\/\\\/www.kaduc.sk\\\/hu\\\/ai-jogasz-asszisztens\\\/#breadcrumb\",\"itemListElement\":[{\"@type\":\"ListItem\",\"position\":1,\"name\":\"Domovsk\u00e1 str\u00e1nka\",\"item\":\"https:\\\/\\\/www.kaduc.sk\\\/hu\\\/honlap\\\/\"},{\"@type\":\"ListItem\",\"position\":2,\"name\":\"AI jogi asszisztens\"}]},{\"@type\":\"WebSite\",\"@id\":\"https:\\\/\\\/www.kaduc.sk\\\/hu\\\/#website\",\"url\":\"https:\\\/\\\/www.kaduc.sk\\\/hu\\\/\",\"name\":\"Kaduc & partneri\",\"description\":\"Advok\u00e1tska kancel\u00e1ria v Trnave a v Bratislave\",\"publisher\":{\"@id\":\"https:\\\/\\\/www.kaduc.sk\\\/hu\\\/#organization\"},\"potentialAction\":[{\"@type\":\"SearchAction\",\"target\":{\"@type\":\"EntryPoint\",\"urlTemplate\":\"https:\\\/\\\/www.kaduc.sk\\\/hu\\\/?s={search_term_string}\"},\"query-input\":{\"@type\":\"PropertyValueSpecification\",\"valueRequired\":true,\"valueName\":\"search_term_string\"}}],\"inLanguage\":\"hu\"},{\"@type\":\"Organization\",\"@id\":\"https:\\\/\\\/www.kaduc.sk\\\/hu\\\/#organization\",\"name\":\"Kaduc & partneri\",\"url\":\"https:\\\/\\\/www.kaduc.sk\\\/hu\\\/\",\"logo\":{\"@type\":\"ImageObject\",\"inLanguage\":\"hu\",\"@id\":\"https:\\\/\\\/www.kaduc.sk\\\/hu\\\/#\\\/schema\\\/logo\\\/image\\\/\",\"url\":\"https:\\\/\\\/www.kaduc.sk\\\/wp-content\\\/uploads\\\/2024\\\/09\\\/logo.jpg\",\"contentUrl\":\"https:\\\/\\\/www.kaduc.sk\\\/wp-content\\\/uploads\\\/2024\\\/09\\\/logo.jpg\",\"width\":580,\"height\":200,\"caption\":\"Kaduc & partneri\"},\"image\":{\"@id\":\"https:\\\/\\\/www.kaduc.sk\\\/hu\\\/#\\\/schema\\\/logo\\\/image\\\/\"},\"sameAs\":[\"https:\\\/\\\/www.facebook.com\\\/kaducpartneri\",\"https:\\\/\\\/www.instagram.com\\\/kaduc.partneri\\\/\",\"https:\\\/\\\/www.linkedin.com\\\/company\\\/kaducpartneri\\\/\"]}]}<\/script>\n<!-- \/ Yoast SEO Premium plugin. -->","yoast_head_json":{"title":"AI jogi asszisztens - Kaduc &amp; partneri","robots":{"index":"index","follow":"follow","max-snippet":"max-snippet:-1","max-image-preview":"max-image-preview:large","max-video-preview":"max-video-preview:-1"},"canonical":"https:\/\/www.kaduc.sk\/hu\/ai-jogasz-asszisztens\/","og_locale":"hu_HU","og_type":"article","og_title":"AI jogi asszisztens","og_description":"Miben seg\u00edthetek ma? &nbsp; 1. M\u00e1m konkr\u00e9tny pr\u00e1vny probl\u00e9m. 2. Chcem len vysk\u00fa\u0161a\u0165 AI v oblasti pr\u00e1va. &nbsp; [mwai_chatbot id=&#8221;chatbot-r3fp35&#8243;]","og_url":"https:\/\/www.kaduc.sk\/hu\/ai-jogasz-asszisztens\/","og_site_name":"Kaduc &amp; partneri","article_publisher":"https:\/\/www.facebook.com\/kaducpartneri","og_image":[{"width":1200,"height":675,"url":"https:\/\/www.kaduc.sk\/wp-content\/uploads\/2024\/11\/Kaduc-social-logo.png","type":"image\/png"}],"twitter_card":"summary_large_image","schema":{"@context":"https:\/\/schema.org","@graph":[{"@type":"WebPage","@id":"https:\/\/www.kaduc.sk\/hu\/ai-jogasz-asszisztens\/","url":"https:\/\/www.kaduc.sk\/hu\/ai-jogasz-asszisztens\/","name":"AI jogi asszisztens - Kaduc &amp; partneri","isPartOf":{"@id":"https:\/\/www.kaduc.sk\/hu\/#website"},"datePublished":"2025-06-24T06:34:21+00:00","breadcrumb":{"@id":"https:\/\/www.kaduc.sk\/hu\/ai-jogasz-asszisztens\/#breadcrumb"},"inLanguage":"hu","potentialAction":[{"@type":"ReadAction","target":["https:\/\/www.kaduc.sk\/hu\/ai-jogasz-asszisztens\/"]}]},{"@type":"BreadcrumbList","@id":"https:\/\/www.kaduc.sk\/hu\/ai-jogasz-asszisztens\/#breadcrumb","itemListElement":[{"@type":"ListItem","position":1,"name":"Domovsk\u00e1 str\u00e1nka","item":"https:\/\/www.kaduc.sk\/hu\/honlap\/"},{"@type":"ListItem","position":2,"name":"AI jogi asszisztens"}]},{"@type":"WebSite","@id":"https:\/\/www.kaduc.sk\/hu\/#website","url":"https:\/\/www.kaduc.sk\/hu\/","name":"Kaduc & partneri","description":"Advok\u00e1tska kancel\u00e1ria v Trnave a v Bratislave","publisher":{"@id":"https:\/\/www.kaduc.sk\/hu\/#organization"},"potentialAction":[{"@type":"SearchAction","target":{"@type":"EntryPoint","urlTemplate":"https:\/\/www.kaduc.sk\/hu\/?s={search_term_string}"},"query-input":{"@type":"PropertyValueSpecification","valueRequired":true,"valueName":"search_term_string"}}],"inLanguage":"hu"},{"@type":"Organization","@id":"https:\/\/www.kaduc.sk\/hu\/#organization","name":"Kaduc & partneri","url":"https:\/\/www.kaduc.sk\/hu\/","logo":{"@type":"ImageObject","inLanguage":"hu","@id":"https:\/\/www.kaduc.sk\/hu\/#\/schema\/logo\/image\/","url":"https:\/\/www.kaduc.sk\/wp-content\/uploads\/2024\/09\/logo.jpg","contentUrl":"https:\/\/www.kaduc.sk\/wp-content\/uploads\/2024\/09\/logo.jpg","width":580,"height":200,"caption":"Kaduc & partneri"},"image":{"@id":"https:\/\/www.kaduc.sk\/hu\/#\/schema\/logo\/image\/"},"sameAs":["https:\/\/www.facebook.com\/kaducpartneri","https:\/\/www.instagram.com\/kaduc.partneri\/","https:\/\/www.linkedin.com\/company\/kaducpartneri\/"]}]}},"_links":{"self":[{"href":"https:\/\/www.kaduc.sk\/hu\/wp-json\/wp\/v2\/pages\/13941","targetHints":{"allow":["GET"]}}],"collection":[{"href":"https:\/\/www.kaduc.sk\/hu\/wp-json\/wp\/v2\/pages"}],"about":[{"href":"https:\/\/www.kaduc.sk\/hu\/wp-json\/wp\/v2\/types\/page"}],"author":[{"embeddable":true,"href":"https:\/\/www.kaduc.sk\/hu\/wp-json\/wp\/v2\/users\/2"}],"replies":[{"embeddable":true,"href":"https:\/\/www.kaduc.sk\/hu\/wp-json\/wp\/v2\/comments?post=13941"}],"version-history":[{"count":0,"href":"https:\/\/www.kaduc.sk\/hu\/wp-json\/wp\/v2\/pages\/13941\/revisions"}],"wp:attachment":[{"href":"https:\/\/www.kaduc.sk\/hu\/wp-json\/wp\/v2\/media?parent=13941"}],"curies":[{"name":"wp","href":"https:\/\/api.w.org\/{rel}","templated":true}]}}