{"id":23276,"date":"2025-10-02T17:51:08","date_gmt":"2025-10-02T16:51:08","guid":{"rendered":"https:\/\/www.kaduc.sk\/referanslar\/"},"modified":"2025-10-03T10:26:57","modified_gmt":"2025-10-03T09:26:57","slug":"referanslar","status":"publish","type":"page","link":"https:\/\/www.kaduc.sk\/tr\/referanslar\/","title":{"rendered":"Referanslar"},"content":{"rendered":"","protected":false},"excerpt":{"rendered":"","protected":false},"author":3,"featured_media":23223,"parent":0,"menu_order":0,"comment_status":"closed","ping_status":"closed","template":"template-referencie.php","meta":{"_acf_changed":false,"inline_featured_image":false,"footnotes":""},"class_list":["post-23276","page","type-page","status-publish","has-post-thumbnail","hentry"],"acf":[],"yoast_head":"<!-- This site is optimized with the Yoast SEO Premium plugin v27.4 (Yoast SEO v27.5) - https:\/\/yoast.com\/product\/yoast-seo-premium-wordpress\/ -->\n<title>Hukuk b\u00fcrosu - memnun m\u00fc\u015fterilerimiz % - Kaduc &amp; partneri<\/title>\n<meta name=\"description\" content=\"Uygun fiyata kapsaml\u0131 hizmetler ve hukuki dan\u0131\u015fmanl\u0131k. Neredeyse t\u00fcm il\u00e7elerde y\u00fczlerce memnun m\u00fcvekkili olan hukuk b\u00fcrosu.\" \/>\n<meta name=\"robots\" content=\"index, follow, max-snippet:-1, max-image-preview:large, max-video-preview:-1\" \/>\n<link rel=\"canonical\" href=\"https:\/\/www.kaduc.sk\/tr\/referanslar\/\" \/>\n<meta property=\"og:locale\" content=\"tr_TR\" \/>\n<meta property=\"og:type\" content=\"article\" \/>\n<meta property=\"og:title\" content=\"Referanslar\" \/>\n<meta property=\"og:description\" content=\"Uygun fiyata kapsaml\u0131 hizmetler ve hukuki dan\u0131\u015fmanl\u0131k. Neredeyse t\u00fcm il\u00e7elerde y\u00fczlerce memnun m\u00fcvekkili olan hukuk b\u00fcrosu.\" \/>\n<meta property=\"og:url\" content=\"https:\/\/www.kaduc.sk\/tr\/referanslar\/\" \/>\n<meta property=\"og:site_name\" content=\"Kaduc &amp; partneri\" \/>\n<meta property=\"article:publisher\" content=\"https:\/\/www.facebook.com\/kaducpartneri\" \/>\n<meta property=\"article:modified_time\" content=\"2025-10-03T09:26:57+00:00\" \/>\n<meta property=\"og:image\" content=\"https:\/\/www.kaduc.sk\/wp-content\/uploads\/2025\/09\/kaducpartneri-Kancelaria.jpeg\" \/>\n\t<meta property=\"og:image:width\" content=\"1919\" \/>\n\t<meta property=\"og:image:height\" content=\"1057\" \/>\n\t<meta property=\"og:image:type\" content=\"image\/jpeg\" \/>\n<meta name=\"twitter:card\" content=\"summary_large_image\" \/>\n<meta name=\"twitter:label1\" content=\"Tahmini okuma s\u00fcresi\" \/>\n\t<meta name=\"twitter:data1\" content=\"1 dakika\" \/>\n<script type=\"application\/ld+json\" class=\"yoast-schema-graph\">{\"@context\":\"https:\\\/\\\/schema.org\",\"@graph\":[{\"@type\":\"WebPage\",\"@id\":\"https:\\\/\\\/www.kaduc.sk\\\/tr\\\/referanslar\\\/\",\"url\":\"https:\\\/\\\/www.kaduc.sk\\\/tr\\\/referanslar\\\/\",\"name\":\"Hukuk b\u00fcrosu - memnun m\u00fc\u015fterilerimiz % - Kaduc &amp; partneri\",\"isPartOf\":{\"@id\":\"https:\\\/\\\/www.kaduc.sk\\\/tr\\\/#website\"},\"primaryImageOfPage\":{\"@id\":\"https:\\\/\\\/www.kaduc.sk\\\/tr\\\/referanslar\\\/#primaryimage\"},\"image\":{\"@id\":\"https:\\\/\\\/www.kaduc.sk\\\/tr\\\/referanslar\\\/#primaryimage\"},\"thumbnailUrl\":\"https:\\\/\\\/www.kaduc.sk\\\/wp-content\\\/uploads\\\/2025\\\/09\\\/kaducpartneri-Kancelaria.jpeg\",\"datePublished\":\"2025-10-02T16:51:08+00:00\",\"dateModified\":\"2025-10-03T09:26:57+00:00\",\"description\":\"Uygun fiyata kapsaml\u0131 hizmetler ve hukuki dan\u0131\u015fmanl\u0131k. Neredeyse t\u00fcm il\u00e7elerde y\u00fczlerce memnun m\u00fcvekkili olan hukuk b\u00fcrosu.\",\"breadcrumb\":{\"@id\":\"https:\\\/\\\/www.kaduc.sk\\\/tr\\\/referanslar\\\/#breadcrumb\"},\"inLanguage\":\"tr\",\"potentialAction\":[{\"@type\":\"ReadAction\",\"target\":[\"https:\\\/\\\/www.kaduc.sk\\\/tr\\\/referanslar\\\/\"]}]},{\"@type\":\"ImageObject\",\"inLanguage\":\"tr\",\"@id\":\"https:\\\/\\\/www.kaduc.sk\\\/tr\\\/referanslar\\\/#primaryimage\",\"url\":\"https:\\\/\\\/www.kaduc.sk\\\/wp-content\\\/uploads\\\/2025\\\/09\\\/kaducpartneri-Kancelaria.jpeg\",\"contentUrl\":\"https:\\\/\\\/www.kaduc.sk\\\/wp-content\\\/uploads\\\/2025\\\/09\\\/kaducpartneri-Kancelaria.jpeg\",\"width\":1919,\"height\":1057},{\"@type\":\"BreadcrumbList\",\"@id\":\"https:\\\/\\\/www.kaduc.sk\\\/tr\\\/referanslar\\\/#breadcrumb\",\"itemListElement\":[{\"@type\":\"ListItem\",\"position\":1,\"name\":\"Domovsk\u00e1 str\u00e1nka\",\"item\":\"https:\\\/\\\/www.kaduc.sk\\\/tr\\\/\"},{\"@type\":\"ListItem\",\"position\":2,\"name\":\"Referanslar\"}]},{\"@type\":\"WebSite\",\"@id\":\"https:\\\/\\\/www.kaduc.sk\\\/tr\\\/#website\",\"url\":\"https:\\\/\\\/www.kaduc.sk\\\/tr\\\/\",\"name\":\"Kaduc & partneri\",\"description\":\"Advok\u00e1tska kancel\u00e1ria v Trnave a v Bratislave\",\"publisher\":{\"@id\":\"https:\\\/\\\/www.kaduc.sk\\\/tr\\\/#organization\"},\"potentialAction\":[{\"@type\":\"SearchAction\",\"target\":{\"@type\":\"EntryPoint\",\"urlTemplate\":\"https:\\\/\\\/www.kaduc.sk\\\/tr\\\/?s={search_term_string}\"},\"query-input\":{\"@type\":\"PropertyValueSpecification\",\"valueRequired\":true,\"valueName\":\"search_term_string\"}}],\"inLanguage\":\"tr\"},{\"@type\":\"Organization\",\"@id\":\"https:\\\/\\\/www.kaduc.sk\\\/tr\\\/#organization\",\"name\":\"Kaduc & partneri\",\"url\":\"https:\\\/\\\/www.kaduc.sk\\\/tr\\\/\",\"logo\":{\"@type\":\"ImageObject\",\"inLanguage\":\"tr\",\"@id\":\"https:\\\/\\\/www.kaduc.sk\\\/tr\\\/#\\\/schema\\\/logo\\\/image\\\/\",\"url\":\"https:\\\/\\\/www.kaduc.sk\\\/wp-content\\\/uploads\\\/2024\\\/09\\\/logo.jpg\",\"contentUrl\":\"https:\\\/\\\/www.kaduc.sk\\\/wp-content\\\/uploads\\\/2024\\\/09\\\/logo.jpg\",\"width\":580,\"height\":200,\"caption\":\"Kaduc & partneri\"},\"image\":{\"@id\":\"https:\\\/\\\/www.kaduc.sk\\\/tr\\\/#\\\/schema\\\/logo\\\/image\\\/\"},\"sameAs\":[\"https:\\\/\\\/www.facebook.com\\\/kaducpartneri\",\"https:\\\/\\\/www.instagram.com\\\/kaduc.partneri\\\/\",\"https:\\\/\\\/www.linkedin.com\\\/company\\\/kaducpartneri\\\/\"]}]}<\/script>\n<!-- \/ Yoast SEO Premium plugin. -->","yoast_head_json":{"title":"Hukuk b\u00fcrosu - memnun m\u00fc\u015fterilerimiz % - Kaduc &amp; partneri","description":"Uygun fiyata kapsaml\u0131 hizmetler ve hukuki dan\u0131\u015fmanl\u0131k. Neredeyse t\u00fcm il\u00e7elerde y\u00fczlerce memnun m\u00fcvekkili olan hukuk b\u00fcrosu.","robots":{"index":"index","follow":"follow","max-snippet":"max-snippet:-1","max-image-preview":"max-image-preview:large","max-video-preview":"max-video-preview:-1"},"canonical":"https:\/\/www.kaduc.sk\/tr\/referanslar\/","og_locale":"tr_TR","og_type":"article","og_title":"Referanslar","og_description":"Uygun fiyata kapsaml\u0131 hizmetler ve hukuki dan\u0131\u015fmanl\u0131k. Neredeyse t\u00fcm il\u00e7elerde y\u00fczlerce memnun m\u00fcvekkili olan hukuk b\u00fcrosu.","og_url":"https:\/\/www.kaduc.sk\/tr\/referanslar\/","og_site_name":"Kaduc &amp; partneri","article_publisher":"https:\/\/www.facebook.com\/kaducpartneri","article_modified_time":"2025-10-03T09:26:57+00:00","og_image":[{"width":1919,"height":1057,"url":"https:\/\/www.kaduc.sk\/wp-content\/uploads\/2025\/09\/kaducpartneri-Kancelaria.jpeg","type":"image\/jpeg"}],"twitter_card":"summary_large_image","twitter_misc":{"Tahmini okuma s\u00fcresi":"1 dakika"},"schema":{"@context":"https:\/\/schema.org","@graph":[{"@type":"WebPage","@id":"https:\/\/www.kaduc.sk\/tr\/referanslar\/","url":"https:\/\/www.kaduc.sk\/tr\/referanslar\/","name":"Hukuk b\u00fcrosu - memnun m\u00fc\u015fterilerimiz % - Kaduc &amp; partneri","isPartOf":{"@id":"https:\/\/www.kaduc.sk\/tr\/#website"},"primaryImageOfPage":{"@id":"https:\/\/www.kaduc.sk\/tr\/referanslar\/#primaryimage"},"image":{"@id":"https:\/\/www.kaduc.sk\/tr\/referanslar\/#primaryimage"},"thumbnailUrl":"https:\/\/www.kaduc.sk\/wp-content\/uploads\/2025\/09\/kaducpartneri-Kancelaria.jpeg","datePublished":"2025-10-02T16:51:08+00:00","dateModified":"2025-10-03T09:26:57+00:00","description":"Uygun fiyata kapsaml\u0131 hizmetler ve hukuki dan\u0131\u015fmanl\u0131k. Neredeyse t\u00fcm il\u00e7elerde y\u00fczlerce memnun m\u00fcvekkili olan hukuk b\u00fcrosu.","breadcrumb":{"@id":"https:\/\/www.kaduc.sk\/tr\/referanslar\/#breadcrumb"},"inLanguage":"tr","potentialAction":[{"@type":"ReadAction","target":["https:\/\/www.kaduc.sk\/tr\/referanslar\/"]}]},{"@type":"ImageObject","inLanguage":"tr","@id":"https:\/\/www.kaduc.sk\/tr\/referanslar\/#primaryimage","url":"https:\/\/www.kaduc.sk\/wp-content\/uploads\/2025\/09\/kaducpartneri-Kancelaria.jpeg","contentUrl":"https:\/\/www.kaduc.sk\/wp-content\/uploads\/2025\/09\/kaducpartneri-Kancelaria.jpeg","width":1919,"height":1057},{"@type":"BreadcrumbList","@id":"https:\/\/www.kaduc.sk\/tr\/referanslar\/#breadcrumb","itemListElement":[{"@type":"ListItem","position":1,"name":"Domovsk\u00e1 str\u00e1nka","item":"https:\/\/www.kaduc.sk\/tr\/"},{"@type":"ListItem","position":2,"name":"Referanslar"}]},{"@type":"WebSite","@id":"https:\/\/www.kaduc.sk\/tr\/#website","url":"https:\/\/www.kaduc.sk\/tr\/","name":"Kaduc & partneri","description":"Advok\u00e1tska kancel\u00e1ria v Trnave a v Bratislave","publisher":{"@id":"https:\/\/www.kaduc.sk\/tr\/#organization"},"potentialAction":[{"@type":"SearchAction","target":{"@type":"EntryPoint","urlTemplate":"https:\/\/www.kaduc.sk\/tr\/?s={search_term_string}"},"query-input":{"@type":"PropertyValueSpecification","valueRequired":true,"valueName":"search_term_string"}}],"inLanguage":"tr"},{"@type":"Organization","@id":"https:\/\/www.kaduc.sk\/tr\/#organization","name":"Kaduc & partneri","url":"https:\/\/www.kaduc.sk\/tr\/","logo":{"@type":"ImageObject","inLanguage":"tr","@id":"https:\/\/www.kaduc.sk\/tr\/#\/schema\/logo\/image\/","url":"https:\/\/www.kaduc.sk\/wp-content\/uploads\/2024\/09\/logo.jpg","contentUrl":"https:\/\/www.kaduc.sk\/wp-content\/uploads\/2024\/09\/logo.jpg","width":580,"height":200,"caption":"Kaduc & partneri"},"image":{"@id":"https:\/\/www.kaduc.sk\/tr\/#\/schema\/logo\/image\/"},"sameAs":["https:\/\/www.facebook.com\/kaducpartneri","https:\/\/www.instagram.com\/kaduc.partneri\/","https:\/\/www.linkedin.com\/company\/kaducpartneri\/"]}]}},"_links":{"self":[{"href":"https:\/\/www.kaduc.sk\/tr\/wp-json\/wp\/v2\/pages\/23276","targetHints":{"allow":["GET"]}}],"collection":[{"href":"https:\/\/www.kaduc.sk\/tr\/wp-json\/wp\/v2\/pages"}],"about":[{"href":"https:\/\/www.kaduc.sk\/tr\/wp-json\/wp\/v2\/types\/page"}],"author":[{"embeddable":true,"href":"https:\/\/www.kaduc.sk\/tr\/wp-json\/wp\/v2\/users\/3"}],"replies":[{"embeddable":true,"href":"https:\/\/www.kaduc.sk\/tr\/wp-json\/wp\/v2\/comments?post=23276"}],"version-history":[{"count":1,"href":"https:\/\/www.kaduc.sk\/tr\/wp-json\/wp\/v2\/pages\/23276\/revisions"}],"predecessor-version":[{"id":23345,"href":"https:\/\/www.kaduc.sk\/tr\/wp-json\/wp\/v2\/pages\/23276\/revisions\/23345"}],"wp:featuredmedia":[{"embeddable":true,"href":"https:\/\/www.kaduc.sk\/tr\/wp-json\/wp\/v2\/media\/23223"}],"wp:attachment":[{"href":"https:\/\/www.kaduc.sk\/tr\/wp-json\/wp\/v2\/media?parent=23276"}],"curies":[{"name":"wp","href":"https:\/\/api.w.org\/{rel}","templated":true}]}}