{"id":23279,"date":"2025-10-02T17:51:19","date_gmt":"2025-10-02T16:51:19","guid":{"rendered":"https:\/\/www.kaduc.sk\/yapay-zeka-hukuk-asistani\/"},"modified":"2025-10-03T10:27:13","modified_gmt":"2025-10-03T09:27:13","slug":"yapay-zeka-hukuk-asistani","status":"publish","type":"page","link":"https:\/\/www.kaduc.sk\/tr\/yapay-zeka-hukuk-asistani\/","title":{"rendered":"Yapay Zeka Hukuk Asistan\u0131"},"content":{"rendered":"<div class=\"themes-container\" style=\"display: grid; gap: 20px; grid-template-columns: repeat(auto-fill, minmax(600px,1fr));\">\n<div class=\"theme-block\">\n<p><strong>Bug\u00fcn size nas\u0131l yard\u0131mc\u0131 olabilirim?<\/strong><\/p>\n<p>&nbsp;<\/p>\n<ul>\n<li>\n<pre><a class=\"hover-underline-animation\" title=\"Belirli bir yasal sorunum var, bunu do\u011fru bir \u015fekilde tan\u0131mlamama yard\u0131mc\u0131 olun ve ard\u0131ndan gerekli ad\u0131mlar\u0131 \u00f6nerin.\" href=\"#\" rel=\"nofollow\" data-prompt=\"M\u00e1m konkr\u00e9tny pr\u00e1vny probl\u00e9m, pom\u00f4\u017e mi ho spr\u00e1vne identifikova\u0165 a n\u00e1sledne mi navrhni potrebn\u00e9 kroky.\">1. Belirli bir yasal sorunum var.<\/a><\/pre>\n<\/li>\n<li>\n<pre><a class=\"hover-underline-animation\" title=\"Sadece yapay zekan\u0131n hukukta nas\u0131l \u00e7al\u0131\u015ft\u0131\u011f\u0131n\u0131 test etmek istiyorum, bana ne g\u00f6sterebilirsiniz?\" href=\"#\" rel=\"nofollow\" data-prompt=\"Chcem len vysk\u00fa\u0161a\u0165, ako funguje AI v oblasti pr\u00e1va.\">2. Yapay zekay\u0131 hukuk alan\u0131nda denemek istiyorum.\r\n<\/a><\/pre>\n<\/li>\n<\/ul>\n<p>&nbsp;<\/p>\n<\/div>\n<\/div>\n<style>\n  \/* Cielime \u0161pecifick\u00fd kontajner pluginu *\/<br \/>  #chatbot-r3fp35 ul {<br \/>    list-style: decimal; \/* Zobraz\u00ed \u010d\u00edslovanie *\/<br \/>    padding-left: 20px; \/* Prid\u00e1 odsadenie pre lep\u0161iu \u010ditate\u013enos\u0165 *\/<br \/>    margin: 0;<br \/>  }<\/p>\n<p>  #chatbot-r3fp35 ul li {<br \/>    margin-bottom: 10px; \/* Prid\u00e1 medzery medzi polo\u017ekami *\/<br \/>  }<\/p>\n<p>  #chatbot-r3fp35 ul li a {<br \/>    text-decoration: none; \/* Odstr\u00e1ni pod\u010diarknutie z odkazov *\/<br \/>    color: inherit; \/* Zachov\u00e1 aktu\u00e1lnu farbu textu *\/<br \/>  }<\/p>\n<p>  #chatbot-r3fp35 ul li a:hover {<br \/>    color: #007BFF; \/* Zv\u00fdrazn\u00ed odkaz pri hover *\/<br \/>    text-decoration: underline; \/* Prid\u00e1 pod\u010diarknutie pri hover *\/<br \/>  }<br \/><\/style>\n<p>[mwai_chatbot id=&#8221;chatbot-r3fp35&#8243;]<\/p>\n","protected":false},"excerpt":{"rendered":"<p>Bug\u00fcn size nas\u0131l yard\u0131mc\u0131 olabilirim? &nbsp; 1. Belirli bir yasal sorunum var. 2. Yapay zekay\u0131 hukuk alan\u0131nda denemek istiyorum. &nbsp; [mwai_chatbot id=&#8221;chatbot-r3fp35&#8243;]<\/p>\n","protected":false},"author":2,"featured_media":0,"parent":0,"menu_order":0,"comment_status":"closed","ping_status":"closed","template":"","meta":{"_acf_changed":false,"inline_featured_image":false,"footnotes":""},"class_list":["post-23279","page","type-page","status-publish","hentry"],"acf":[],"yoast_head":"<!-- This site is optimized with the Yoast SEO Premium plugin v27.4 (Yoast SEO v27.5) - https:\/\/yoast.com\/product\/yoast-seo-premium-wordpress\/ -->\n<title>Yapay Zeka Hukuk Asistan\u0131 - Kaduc &amp; partneri<\/title>\n<meta name=\"robots\" content=\"index, follow, max-snippet:-1, max-image-preview:large, max-video-preview:-1\" \/>\n<link rel=\"canonical\" href=\"https:\/\/www.kaduc.sk\/tr\/yapay-zeka-hukuk-asistani\/\" \/>\n<meta property=\"og:locale\" content=\"tr_TR\" \/>\n<meta property=\"og:type\" content=\"article\" \/>\n<meta property=\"og:title\" content=\"Yapay Zeka Hukuk Asistan\u0131\" \/>\n<meta property=\"og:description\" content=\"Bug\u00fcn size nas\u0131l yard\u0131mc\u0131 olabilirim? &nbsp; 1. Belirli bir yasal sorunum var. 2. Yapay zekay\u0131 hukuk alan\u0131nda denemek istiyorum. &nbsp; [mwai_chatbot id=&#8221;chatbot-r3fp35&#8243;]\" \/>\n<meta property=\"og:url\" content=\"https:\/\/www.kaduc.sk\/tr\/yapay-zeka-hukuk-asistani\/\" \/>\n<meta property=\"og:site_name\" content=\"Kaduc &amp; partneri\" \/>\n<meta property=\"article:publisher\" content=\"https:\/\/www.facebook.com\/kaducpartneri\" \/>\n<meta property=\"article:modified_time\" content=\"2025-10-03T09:27:13+00:00\" \/>\n<meta property=\"og:image\" content=\"https:\/\/www.kaduc.sk\/wp-content\/uploads\/2024\/11\/Kaduc-social-logo.png\" \/>\n\t<meta property=\"og:image:width\" content=\"1200\" \/>\n\t<meta property=\"og:image:height\" content=\"675\" \/>\n\t<meta property=\"og:image:type\" content=\"image\/png\" \/>\n<meta name=\"twitter:card\" content=\"summary_large_image\" \/>\n<meta name=\"twitter:label1\" content=\"Tahmini okuma s\u00fcresi\" \/>\n\t<meta name=\"twitter:data1\" content=\"1 dakika\" \/>\n<script type=\"application\/ld+json\" class=\"yoast-schema-graph\">{\"@context\":\"https:\\\/\\\/schema.org\",\"@graph\":[{\"@type\":\"WebPage\",\"@id\":\"https:\\\/\\\/www.kaduc.sk\\\/tr\\\/yapay-zeka-hukuk-asistani\\\/\",\"url\":\"https:\\\/\\\/www.kaduc.sk\\\/tr\\\/yapay-zeka-hukuk-asistani\\\/\",\"name\":\"Yapay Zeka Hukuk Asistan\u0131 - Kaduc &amp; partneri\",\"isPartOf\":{\"@id\":\"https:\\\/\\\/www.kaduc.sk\\\/tr\\\/#website\"},\"datePublished\":\"2025-10-02T16:51:19+00:00\",\"dateModified\":\"2025-10-03T09:27:13+00:00\",\"breadcrumb\":{\"@id\":\"https:\\\/\\\/www.kaduc.sk\\\/tr\\\/yapay-zeka-hukuk-asistani\\\/#breadcrumb\"},\"inLanguage\":\"tr\",\"potentialAction\":[{\"@type\":\"ReadAction\",\"target\":[\"https:\\\/\\\/www.kaduc.sk\\\/tr\\\/yapay-zeka-hukuk-asistani\\\/\"]}]},{\"@type\":\"BreadcrumbList\",\"@id\":\"https:\\\/\\\/www.kaduc.sk\\\/tr\\\/yapay-zeka-hukuk-asistani\\\/#breadcrumb\",\"itemListElement\":[{\"@type\":\"ListItem\",\"position\":1,\"name\":\"Domovsk\u00e1 str\u00e1nka\",\"item\":\"https:\\\/\\\/www.kaduc.sk\\\/tr\\\/\"},{\"@type\":\"ListItem\",\"position\":2,\"name\":\"Yapay Zeka Hukuk Asistan\u0131\"}]},{\"@type\":\"WebSite\",\"@id\":\"https:\\\/\\\/www.kaduc.sk\\\/tr\\\/#website\",\"url\":\"https:\\\/\\\/www.kaduc.sk\\\/tr\\\/\",\"name\":\"Kaduc & partneri\",\"description\":\"Advok\u00e1tska kancel\u00e1ria v Trnave a v Bratislave\",\"publisher\":{\"@id\":\"https:\\\/\\\/www.kaduc.sk\\\/tr\\\/#organization\"},\"potentialAction\":[{\"@type\":\"SearchAction\",\"target\":{\"@type\":\"EntryPoint\",\"urlTemplate\":\"https:\\\/\\\/www.kaduc.sk\\\/tr\\\/?s={search_term_string}\"},\"query-input\":{\"@type\":\"PropertyValueSpecification\",\"valueRequired\":true,\"valueName\":\"search_term_string\"}}],\"inLanguage\":\"tr\"},{\"@type\":\"Organization\",\"@id\":\"https:\\\/\\\/www.kaduc.sk\\\/tr\\\/#organization\",\"name\":\"Kaduc & partneri\",\"url\":\"https:\\\/\\\/www.kaduc.sk\\\/tr\\\/\",\"logo\":{\"@type\":\"ImageObject\",\"inLanguage\":\"tr\",\"@id\":\"https:\\\/\\\/www.kaduc.sk\\\/tr\\\/#\\\/schema\\\/logo\\\/image\\\/\",\"url\":\"https:\\\/\\\/www.kaduc.sk\\\/wp-content\\\/uploads\\\/2024\\\/09\\\/logo.jpg\",\"contentUrl\":\"https:\\\/\\\/www.kaduc.sk\\\/wp-content\\\/uploads\\\/2024\\\/09\\\/logo.jpg\",\"width\":580,\"height\":200,\"caption\":\"Kaduc & partneri\"},\"image\":{\"@id\":\"https:\\\/\\\/www.kaduc.sk\\\/tr\\\/#\\\/schema\\\/logo\\\/image\\\/\"},\"sameAs\":[\"https:\\\/\\\/www.facebook.com\\\/kaducpartneri\",\"https:\\\/\\\/www.instagram.com\\\/kaduc.partneri\\\/\",\"https:\\\/\\\/www.linkedin.com\\\/company\\\/kaducpartneri\\\/\"]}]}<\/script>\n<!-- \/ Yoast SEO Premium plugin. -->","yoast_head_json":{"title":"Yapay Zeka Hukuk Asistan\u0131 - Kaduc &amp; partneri","robots":{"index":"index","follow":"follow","max-snippet":"max-snippet:-1","max-image-preview":"max-image-preview:large","max-video-preview":"max-video-preview:-1"},"canonical":"https:\/\/www.kaduc.sk\/tr\/yapay-zeka-hukuk-asistani\/","og_locale":"tr_TR","og_type":"article","og_title":"Yapay Zeka Hukuk Asistan\u0131","og_description":"Bug\u00fcn size nas\u0131l yard\u0131mc\u0131 olabilirim? &nbsp; 1. Belirli bir yasal sorunum var. 2. Yapay zekay\u0131 hukuk alan\u0131nda denemek istiyorum. &nbsp; [mwai_chatbot id=&#8221;chatbot-r3fp35&#8243;]","og_url":"https:\/\/www.kaduc.sk\/tr\/yapay-zeka-hukuk-asistani\/","og_site_name":"Kaduc &amp; partneri","article_publisher":"https:\/\/www.facebook.com\/kaducpartneri","article_modified_time":"2025-10-03T09:27:13+00:00","og_image":[{"width":1200,"height":675,"url":"https:\/\/www.kaduc.sk\/wp-content\/uploads\/2024\/11\/Kaduc-social-logo.png","type":"image\/png"}],"twitter_card":"summary_large_image","twitter_misc":{"Tahmini okuma s\u00fcresi":"1 dakika"},"schema":{"@context":"https:\/\/schema.org","@graph":[{"@type":"WebPage","@id":"https:\/\/www.kaduc.sk\/tr\/yapay-zeka-hukuk-asistani\/","url":"https:\/\/www.kaduc.sk\/tr\/yapay-zeka-hukuk-asistani\/","name":"Yapay Zeka Hukuk Asistan\u0131 - Kaduc &amp; partneri","isPartOf":{"@id":"https:\/\/www.kaduc.sk\/tr\/#website"},"datePublished":"2025-10-02T16:51:19+00:00","dateModified":"2025-10-03T09:27:13+00:00","breadcrumb":{"@id":"https:\/\/www.kaduc.sk\/tr\/yapay-zeka-hukuk-asistani\/#breadcrumb"},"inLanguage":"tr","potentialAction":[{"@type":"ReadAction","target":["https:\/\/www.kaduc.sk\/tr\/yapay-zeka-hukuk-asistani\/"]}]},{"@type":"BreadcrumbList","@id":"https:\/\/www.kaduc.sk\/tr\/yapay-zeka-hukuk-asistani\/#breadcrumb","itemListElement":[{"@type":"ListItem","position":1,"name":"Domovsk\u00e1 str\u00e1nka","item":"https:\/\/www.kaduc.sk\/tr\/"},{"@type":"ListItem","position":2,"name":"Yapay Zeka Hukuk Asistan\u0131"}]},{"@type":"WebSite","@id":"https:\/\/www.kaduc.sk\/tr\/#website","url":"https:\/\/www.kaduc.sk\/tr\/","name":"Kaduc & partneri","description":"Advok\u00e1tska kancel\u00e1ria v Trnave a v Bratislave","publisher":{"@id":"https:\/\/www.kaduc.sk\/tr\/#organization"},"potentialAction":[{"@type":"SearchAction","target":{"@type":"EntryPoint","urlTemplate":"https:\/\/www.kaduc.sk\/tr\/?s={search_term_string}"},"query-input":{"@type":"PropertyValueSpecification","valueRequired":true,"valueName":"search_term_string"}}],"inLanguage":"tr"},{"@type":"Organization","@id":"https:\/\/www.kaduc.sk\/tr\/#organization","name":"Kaduc & partneri","url":"https:\/\/www.kaduc.sk\/tr\/","logo":{"@type":"ImageObject","inLanguage":"tr","@id":"https:\/\/www.kaduc.sk\/tr\/#\/schema\/logo\/image\/","url":"https:\/\/www.kaduc.sk\/wp-content\/uploads\/2024\/09\/logo.jpg","contentUrl":"https:\/\/www.kaduc.sk\/wp-content\/uploads\/2024\/09\/logo.jpg","width":580,"height":200,"caption":"Kaduc & partneri"},"image":{"@id":"https:\/\/www.kaduc.sk\/tr\/#\/schema\/logo\/image\/"},"sameAs":["https:\/\/www.facebook.com\/kaducpartneri","https:\/\/www.instagram.com\/kaduc.partneri\/","https:\/\/www.linkedin.com\/company\/kaducpartneri\/"]}]}},"_links":{"self":[{"href":"https:\/\/www.kaduc.sk\/tr\/wp-json\/wp\/v2\/pages\/23279","targetHints":{"allow":["GET"]}}],"collection":[{"href":"https:\/\/www.kaduc.sk\/tr\/wp-json\/wp\/v2\/pages"}],"about":[{"href":"https:\/\/www.kaduc.sk\/tr\/wp-json\/wp\/v2\/types\/page"}],"author":[{"embeddable":true,"href":"https:\/\/www.kaduc.sk\/tr\/wp-json\/wp\/v2\/users\/2"}],"replies":[{"embeddable":true,"href":"https:\/\/www.kaduc.sk\/tr\/wp-json\/wp\/v2\/comments?post=23279"}],"version-history":[{"count":1,"href":"https:\/\/www.kaduc.sk\/tr\/wp-json\/wp\/v2\/pages\/23279\/revisions"}],"predecessor-version":[{"id":23353,"href":"https:\/\/www.kaduc.sk\/tr\/wp-json\/wp\/v2\/pages\/23279\/revisions\/23353"}],"wp:attachment":[{"href":"https:\/\/www.kaduc.sk\/tr\/wp-json\/wp\/v2\/media?parent=23279"}],"curies":[{"name":"wp","href":"https:\/\/api.w.org\/{rel}","templated":true}]}}